{"id":417,"date":"2022-03-21T13:24:55","date_gmt":"2022-03-21T12:24:55","guid":{"rendered":"http:\/\/kristaboggs.fr\/yoga\/?page_id=417"},"modified":"2024-09-30T22:14:15","modified_gmt":"2024-09-30T20:14:15","slug":"stage-de-yoga-danse-dans-le-lot","status":"publish","type":"page","link":"http:\/\/kristaboggs.fr\/yoga\/stage-de-yoga-danse-dans-le-lot\/","title":{"rendered":"Ateliers de Yoga &#038; Danse"},"content":{"rendered":"\n<figure class=\"wp-block-image size-large\"><img loading=\"lazy\" decoding=\"async\" width=\"712\" height=\"806\" src=\"http:\/\/kristaboggs.fr\/yoga\/wp-content\/uploads\/2022\/10\/PhotoDanse.K.Boggs_.png\" alt=\"\" class=\"wp-image-713\" srcset=\"http:\/\/kristaboggs.fr\/yoga\/wp-content\/uploads\/2022\/10\/PhotoDanse.K.Boggs_.png 712w, http:\/\/kristaboggs.fr\/yoga\/wp-content\/uploads\/2022\/10\/PhotoDanse.K.Boggs_-265x300.png 265w\" sizes=\"(max-width: 712px) 100vw, 712px\" \/><\/figure>\n\n\n\n<h2 class=\"wp-block-heading\">Mouvement et Souffle<\/h2>\n\n\n\n<p><\/p>\n\n\n\n<p>Stage associant Kundalini Yoga et danse (danse libre, contemporaine, traditionnelle \u00e9gyptienne) permettant de se connecter \u00e0 sa force vitale et aux sensations corporelles dans le mouvement. Il n\u2019est pas n\u00e9cessaire d\u2019avoir d\u00e9j\u00e0 une pratique de danse. Hommes &amp; femmes bienvenus !<\/p>\n\n\n\n<p>L\u2019harmonie du mouvement et du souffle et la sensibilisation par la danse : se relier \u00e0 ses sensations propres, au mouvement de sa respiration, \u00eatre plus disponible et \u00e0 l\u2019\u00e9coute de ce qui se cr\u00e9e dans le moment pr\u00e9sent. Nous partagerons une journ\u00e9e dans la joie et la convivialit\u00e9.<\/p>\n\n\n\n<h2 class=\"wp-block-heading\">Chaque stage est unique<\/h2>\n\n\n\n<p><\/p>\n\n\n\n<p>Depuis 9 ans, j&rsquo;anime des stages de Kundalini yoga et danse. Chaque stage est unique. Par des exercices simples inspir\u00e9 de mon chemin de danse et mouvement<a href=\"http:\/\/kristaboggs.fr\/yoga\/la-danse\/\">http:\/\/kristaboggs.fr\/yoga\/la-danse\/<\/a> seul, \u00e0 deux, ou en groupe nous explorons pour explorerons notre int\u00e9riorit\u00e9 et notre mouvement dans l\u2019espace.&nbsp;Nous aborderons un travail corporel inspir\u00e9 des principes de la <em>danse libre<\/em> d\u2019Isadora Duncan, ce qui n\u2019est pas une danse improvis\u00e9e, mais plut\u00f4t un lien avec le souffle et un mouvement qui s\u2019initie depuis le plexus solaire. Selon elle \u00ab la si\u00e8ge de l\u2019\u00e2me \u00bb et le centre d\u2019o\u00f9 \u00e9mane tout mouvement. Je relie ce chemin \u00e0 mon chemin de chant et aussi de la photographie. <\/p>\n\n\n\n<h2 class=\"wp-block-heading\">Une approche interdisciplinaire<\/h2>\n\n\n\n<p>Mon approche d&rsquo;enseignement et de transmission est interdisciplinaire et unique \u00e0 mon parcours. <\/p>\n\n\n\n<p>En tant qu&rsquo;artiste photographe, mon processus de cr\u00e9ation est une navigation vers mon paysage int\u00e9rieur intuitif. J&rsquo;ai appris \u00e0 photographier \u00e0 17 ans avec un appareil photo moyen format tenu devant le plexus solaire. Mon professeur le photographe Stephen Shore me disait : \u00ab Photographie depuis tes visc\u00e8res, danse. \u00bb Gr\u00e2ce \u00e0 mon exploration intuitive et curieuse, la finalit\u00e9 de l&rsquo;image ne repr\u00e9sente pas seulement une image, mais plut\u00f4t un \u00ab arr\u00eat sur image \u00bb avec un processus cr\u00e9atif vivant avec son propre r\u00e9cit qui l&rsquo;entoure. <\/p>\n\n\n\n<p>Le r\u00e9sultat de mes photos me reste souvent un myst\u00e8re. Ce qui m&rsquo;int\u00e9resse, c&rsquo;est de me mettre en mouvement, comme une danse reliant mon int\u00e9riorit\u00e9 \u00e0 l\u2019objet ou l\u2019\u00eatre photographi\u00e9. Je ne \u00ab pr\u00e9-visualise \u00bb pas la finalit\u00e9 d&rsquo;une photographie.  C&rsquo;est une question de lien et de sensibilisation, un processus de mouvement, une ondulation qui miroite vers l&rsquo;int\u00e9rieur r\u00e9v\u00e9lant une image, une trace, puis re-ondule \u00e0 travers notre corps et au-del\u00e0 \u00e0 la rencontre de l&rsquo;espace, de l\u2019autre et de nous-m\u00eame.<\/p>\n\n\n\n<pre class=\"wp-block-preformatted\"> <\/pre>\n\n\n\n<p><\/p>\n\n\n<div style=\"mso-element: para-border-div; border: none; border-bottom: solid windowtext 1.0pt; mso-border-bottom-alt: solid windowtext .75pt; padding: 0cm 0cm 1.0pt 0cm;\">\n<p style=\"border: none; mso-border-bottom-alt: solid windowtext .75pt; padding: 0cm; mso-padding-alt: 0cm 0cm 1.0pt 0cm;\">\u00a0<\/p>\n<\/div>\n<p><!-- \/wp:paragraph --><\/p>\n<p><!-- wp:paragraph --><\/p>\n<p><!-- \/wp:paragraph --><\/p>\n<p><!-- wp:paragraph --><\/p>\n<p>Je suis artiste photographe, avec un parcours de danseuse, et de chant polyphonique du monde. Je suis aussi enseignante de Yoga et je propose r\u00e9guli\u00e8rement des stages transdisciplinaires, associant le <strong>yoga et danse<\/strong> et le <strong>yoga et voix<\/strong> depuis 10 ans.<\/p>\n<p><!-- \/wp:paragraph --><\/p>\n<p><!-- wp:paragraph --><\/p>\n<p>\u00a0 Certifi\u00e9 en plus de 600 heures de formations reconnues par Yoga Alliance Intl.<\/p>\n<p>&#8211; Dipl\u00f4m\u00e9e des Arts Lib\u00e9raux avec une sp\u00e9cialisation en chor\u00e9graphie\/danse et photographie de la facult\u00e9 des Arts et Sciences lib\u00e9raux <a href=\"https:\/\/www.bard.edu\/\">Bard Coll\u00e8ge<\/a>, \u00e0 NY<\/p>\n<p>&#8211; Form\u00e9e\/certifi\u00e9e par IKYTA en tant qu\u2019enseignante de Kundalini Yoga.<\/p>\n<p>&#8211; Form\u00e9e\/certifi\u00e9e par Judith Hanson Lasater en Restorative Yoga (yoga r\u00e9stauratif \/ yoga r\u00e9parateur).<\/p>\n<p>&#8211; Form\u00e9e\/certifi\u00e9e par Dinah Rodrigues en Hormone Yoga Th\u00e9rapie f\u00e9minine<\/p>\n<p>-Form\u00e9e\/Certifi\u00e9e (Formation continue depuis 2020) en yoga th\u00e9rapeutique pour l&rsquo;anxi\u00e9t\u00e9 et stresse chronique, burn out, et la sant\u00e9 digestive.<\/p>\n<p><!-- \/wp:paragraph --><\/p>\n<p><!-- wp:paragraph --><\/p>\n<p><!-- wp:paragraph --><\/p>\n<p><!-- \/wp:paragraph --><\/p>","protected":false},"excerpt":{"rendered":"<p class=\"qua-blog-post-description\">Mouvement et Souffle Stage associant Kundalini Yoga et danse (danse libre, contemporaine, traditionnelle \u00e9gyptienne) permettant de se connecter \u00e0 sa force vitale et aux sensations corporelles dans le mouvement. Il n\u2019est pas n\u00e9cessaire d\u2019avoir d\u00e9j\u00e0 une pratique de danse. Hommes &amp; femmes bienvenus ! L\u2019harmonie du mouvement et du souffle et la sensibilisation par la [&hellip;]<\/p>\n","protected":false},"author":1,"featured_media":0,"parent":0,"menu_order":0,"comment_status":"closed","ping_status":"closed","template":"","meta":{"footnotes":""},"yoast_head":"<!-- This site is optimized with the Yoast SEO plugin v20.1 - https:\/\/yoast.com\/wordpress\/plugins\/seo\/ -->\n<title>Ateliers de Yoga &amp; Danse - Lotus Kundalini Yoga<\/title>\n<meta name=\"robots\" content=\"index, follow, max-snippet:-1, max-image-preview:large, max-video-preview:-1\" \/>\n<link rel=\"canonical\" href=\"http:\/\/kristaboggs.fr\/yoga\/stage-de-yoga-danse-dans-le-lot\/\" \/>\n<meta property=\"og:locale\" content=\"fr_FR\" \/>\n<meta property=\"og:type\" content=\"article\" \/>\n<meta property=\"og:title\" content=\"Ateliers de Yoga &amp; Danse - Lotus Kundalini Yoga\" \/>\n<meta property=\"og:description\" content=\"Mouvement et Souffle Stage associant Kundalini Yoga et danse (danse libre, contemporaine, traditionnelle \u00e9gyptienne) permettant de se connecter \u00e0 sa force vitale et aux sensations corporelles dans le mouvement. Il n\u2019est pas n\u00e9cessaire d\u2019avoir d\u00e9j\u00e0 une pratique de danse. Hommes &amp; femmes bienvenus ! L\u2019harmonie du mouvement et du souffle et la sensibilisation par la [&hellip;]\" \/>\n<meta property=\"og:url\" content=\"http:\/\/kristaboggs.fr\/yoga\/stage-de-yoga-danse-dans-le-lot\/\" \/>\n<meta property=\"og:site_name\" content=\"Lotus Kundalini Yoga\" \/>\n<meta property=\"article:publisher\" content=\"https:\/\/www.facebook.com\/preetshakti\/\" \/>\n<meta property=\"article:modified_time\" content=\"2024-09-30T20:14:15+00:00\" \/>\n<meta property=\"og:image\" content=\"http:\/\/kristaboggs.fr\/yoga\/wp-content\/uploads\/2022\/10\/PhotoDanse.K.Boggs_.png\" \/>\n<meta name=\"twitter:card\" content=\"summary_large_image\" \/>\n<meta name=\"twitter:label1\" content=\"Dur\u00e9e de lecture estim\u00e9e\" \/>\n\t<meta name=\"twitter:data1\" content=\"3 minutes\" \/>\n<script type=\"application\/ld+json\" class=\"yoast-schema-graph\">{\"@context\":\"https:\/\/schema.org\",\"@graph\":[{\"@type\":\"WebPage\",\"@id\":\"http:\/\/kristaboggs.fr\/yoga\/stage-de-yoga-danse-dans-le-lot\/\",\"url\":\"http:\/\/kristaboggs.fr\/yoga\/stage-de-yoga-danse-dans-le-lot\/\",\"name\":\"Ateliers de Yoga & Danse - Lotus Kundalini Yoga\",\"isPartOf\":{\"@id\":\"http:\/\/kristaboggs.fr\/yoga\/#website\"},\"datePublished\":\"2022-03-21T12:24:55+00:00\",\"dateModified\":\"2024-09-30T20:14:15+00:00\",\"breadcrumb\":{\"@id\":\"http:\/\/kristaboggs.fr\/yoga\/stage-de-yoga-danse-dans-le-lot\/#breadcrumb\"},\"inLanguage\":\"fr-FR\",\"potentialAction\":[{\"@type\":\"ReadAction\",\"target\":[\"http:\/\/kristaboggs.fr\/yoga\/stage-de-yoga-danse-dans-le-lot\/\"]}]},{\"@type\":\"BreadcrumbList\",\"@id\":\"http:\/\/kristaboggs.fr\/yoga\/stage-de-yoga-danse-dans-le-lot\/#breadcrumb\",\"itemListElement\":[{\"@type\":\"ListItem\",\"position\":1,\"name\":\"Accueil\",\"item\":\"http:\/\/kristaboggs.fr\/yoga\/\"},{\"@type\":\"ListItem\",\"position\":2,\"name\":\"Ateliers de Yoga &#038; Danse\"}]},{\"@type\":\"WebSite\",\"@id\":\"http:\/\/kristaboggs.fr\/yoga\/#website\",\"url\":\"http:\/\/kristaboggs.fr\/yoga\/\",\"name\":\"Lotus Kundalini Yoga\",\"description\":\"Le Yoga en plein Lot\",\"publisher\":{\"@id\":\"http:\/\/kristaboggs.fr\/yoga\/#organization\"},\"potentialAction\":[{\"@type\":\"SearchAction\",\"target\":{\"@type\":\"EntryPoint\",\"urlTemplate\":\"http:\/\/kristaboggs.fr\/yoga\/?s={search_term_string}\"},\"query-input\":\"required name=search_term_string\"}],\"inLanguage\":\"fr-FR\"},{\"@type\":\"Organization\",\"@id\":\"http:\/\/kristaboggs.fr\/yoga\/#organization\",\"name\":\"Lotus Kundalini Yoga\",\"url\":\"http:\/\/kristaboggs.fr\/yoga\/\",\"logo\":{\"@type\":\"ImageObject\",\"inLanguage\":\"fr-FR\",\"@id\":\"http:\/\/kristaboggs.fr\/yoga\/#\/schema\/logo\/image\/\",\"url\":\"http:\/\/kristaboggs.fr\/yoga\/wp-content\/uploads\/2018\/07\/\u00a9KristaBoggs8335YogaWebsite-1024x787.jpg\",\"contentUrl\":\"http:\/\/kristaboggs.fr\/yoga\/wp-content\/uploads\/2018\/07\/\u00a9KristaBoggs8335YogaWebsite-1024x787.jpg\",\"width\":1024,\"height\":787,\"caption\":\"Lotus Kundalini Yoga\"},\"image\":{\"@id\":\"http:\/\/kristaboggs.fr\/yoga\/#\/schema\/logo\/image\/\"},\"sameAs\":[\"https:\/\/www.facebook.com\/preetshakti\/\"]}]}<\/script>\n<!-- \/ Yoast SEO plugin. -->","yoast_head_json":{"title":"Ateliers de Yoga & Danse - Lotus Kundalini Yoga","robots":{"index":"index","follow":"follow","max-snippet":"max-snippet:-1","max-image-preview":"max-image-preview:large","max-video-preview":"max-video-preview:-1"},"canonical":"http:\/\/kristaboggs.fr\/yoga\/stage-de-yoga-danse-dans-le-lot\/","og_locale":"fr_FR","og_type":"article","og_title":"Ateliers de Yoga & Danse - Lotus Kundalini Yoga","og_description":"Mouvement et Souffle Stage associant Kundalini Yoga et danse (danse libre, contemporaine, traditionnelle \u00e9gyptienne) permettant de se connecter \u00e0 sa force vitale et aux sensations corporelles dans le mouvement. Il n\u2019est pas n\u00e9cessaire d\u2019avoir d\u00e9j\u00e0 une pratique de danse. Hommes &amp; femmes bienvenus ! L\u2019harmonie du mouvement et du souffle et la sensibilisation par la [&hellip;]","og_url":"http:\/\/kristaboggs.fr\/yoga\/stage-de-yoga-danse-dans-le-lot\/","og_site_name":"Lotus Kundalini Yoga","article_publisher":"https:\/\/www.facebook.com\/preetshakti\/","article_modified_time":"2024-09-30T20:14:15+00:00","og_image":[{"url":"http:\/\/kristaboggs.fr\/yoga\/wp-content\/uploads\/2022\/10\/PhotoDanse.K.Boggs_.png"}],"twitter_card":"summary_large_image","twitter_misc":{"Dur\u00e9e de lecture estim\u00e9e":"3 minutes"},"schema":{"@context":"https:\/\/schema.org","@graph":[{"@type":"WebPage","@id":"http:\/\/kristaboggs.fr\/yoga\/stage-de-yoga-danse-dans-le-lot\/","url":"http:\/\/kristaboggs.fr\/yoga\/stage-de-yoga-danse-dans-le-lot\/","name":"Ateliers de Yoga & Danse - Lotus Kundalini Yoga","isPartOf":{"@id":"http:\/\/kristaboggs.fr\/yoga\/#website"},"datePublished":"2022-03-21T12:24:55+00:00","dateModified":"2024-09-30T20:14:15+00:00","breadcrumb":{"@id":"http:\/\/kristaboggs.fr\/yoga\/stage-de-yoga-danse-dans-le-lot\/#breadcrumb"},"inLanguage":"fr-FR","potentialAction":[{"@type":"ReadAction","target":["http:\/\/kristaboggs.fr\/yoga\/stage-de-yoga-danse-dans-le-lot\/"]}]},{"@type":"BreadcrumbList","@id":"http:\/\/kristaboggs.fr\/yoga\/stage-de-yoga-danse-dans-le-lot\/#breadcrumb","itemListElement":[{"@type":"ListItem","position":1,"name":"Accueil","item":"http:\/\/kristaboggs.fr\/yoga\/"},{"@type":"ListItem","position":2,"name":"Ateliers de Yoga &#038; Danse"}]},{"@type":"WebSite","@id":"http:\/\/kristaboggs.fr\/yoga\/#website","url":"http:\/\/kristaboggs.fr\/yoga\/","name":"Lotus Kundalini Yoga","description":"Le Yoga en plein Lot","publisher":{"@id":"http:\/\/kristaboggs.fr\/yoga\/#organization"},"potentialAction":[{"@type":"SearchAction","target":{"@type":"EntryPoint","urlTemplate":"http:\/\/kristaboggs.fr\/yoga\/?s={search_term_string}"},"query-input":"required name=search_term_string"}],"inLanguage":"fr-FR"},{"@type":"Organization","@id":"http:\/\/kristaboggs.fr\/yoga\/#organization","name":"Lotus Kundalini Yoga","url":"http:\/\/kristaboggs.fr\/yoga\/","logo":{"@type":"ImageObject","inLanguage":"fr-FR","@id":"http:\/\/kristaboggs.fr\/yoga\/#\/schema\/logo\/image\/","url":"http:\/\/kristaboggs.fr\/yoga\/wp-content\/uploads\/2018\/07\/\u00a9KristaBoggs8335YogaWebsite-1024x787.jpg","contentUrl":"http:\/\/kristaboggs.fr\/yoga\/wp-content\/uploads\/2018\/07\/\u00a9KristaBoggs8335YogaWebsite-1024x787.jpg","width":1024,"height":787,"caption":"Lotus Kundalini Yoga"},"image":{"@id":"http:\/\/kristaboggs.fr\/yoga\/#\/schema\/logo\/image\/"},"sameAs":["https:\/\/www.facebook.com\/preetshakti\/"]}]}},"_links":{"self":[{"href":"http:\/\/kristaboggs.fr\/yoga\/wp-json\/wp\/v2\/pages\/417"}],"collection":[{"href":"http:\/\/kristaboggs.fr\/yoga\/wp-json\/wp\/v2\/pages"}],"about":[{"href":"http:\/\/kristaboggs.fr\/yoga\/wp-json\/wp\/v2\/types\/page"}],"author":[{"embeddable":true,"href":"http:\/\/kristaboggs.fr\/yoga\/wp-json\/wp\/v2\/users\/1"}],"replies":[{"embeddable":true,"href":"http:\/\/kristaboggs.fr\/yoga\/wp-json\/wp\/v2\/comments?post=417"}],"version-history":[{"count":57,"href":"http:\/\/kristaboggs.fr\/yoga\/wp-json\/wp\/v2\/pages\/417\/revisions"}],"predecessor-version":[{"id":2192,"href":"http:\/\/kristaboggs.fr\/yoga\/wp-json\/wp\/v2\/pages\/417\/revisions\/2192"}],"wp:attachment":[{"href":"http:\/\/kristaboggs.fr\/yoga\/wp-json\/wp\/v2\/media?parent=417"}],"curies":[{"name":"wp","href":"https:\/\/api.w.org\/{rel}","templated":true}]}}