{"id":318,"date":"2021-06-27T16:17:30","date_gmt":"2021-06-27T14:17:30","guid":{"rendered":"http:\/\/kristaboggs.fr\/yoga\/?page_id=318"},"modified":"2024-06-16T15:49:14","modified_gmt":"2024-06-16T13:49:14","slug":"la-danse","status":"publish","type":"page","link":"http:\/\/kristaboggs.fr\/yoga\/la-danse\/","title":{"rendered":"Parcours de la danse &#038; du chant"},"content":{"rendered":"\n<p><\/p>\n\n\n\n<figure class=\"wp-block-image size-large is-resized\"><img loading=\"lazy\" decoding=\"async\" width=\"640\" height=\"401\" src=\"http:\/\/kristaboggs.fr\/yoga\/wp-content\/uploads\/2021\/06\/Bard341-copie.jpg\" alt=\"\" class=\"wp-image-322\" style=\"width:491px;height:308px\" srcset=\"http:\/\/kristaboggs.fr\/yoga\/wp-content\/uploads\/2021\/06\/Bard341-copie.jpg 640w, http:\/\/kristaboggs.fr\/yoga\/wp-content\/uploads\/2021\/06\/Bard341-copie-300x188.jpg 300w\" sizes=\"(max-width: 640px) 100vw, 640px\" \/><\/figure>\n\n\n\n<figure class=\"wp-block-image size-large is-resized\"><img loading=\"lazy\" decoding=\"async\" width=\"320\" height=\"215\" src=\"http:\/\/kristaboggs.fr\/yoga\/wp-content\/uploads\/2021\/06\/BardDD345_1.jpg\" alt=\"\" class=\"wp-image-321\" style=\"width:502px;height:337px\" srcset=\"http:\/\/kristaboggs.fr\/yoga\/wp-content\/uploads\/2021\/06\/BardDD345_1.jpg 320w, http:\/\/kristaboggs.fr\/yoga\/wp-content\/uploads\/2021\/06\/BardDD345_1-300x202.jpg 300w\" sizes=\"(max-width: 320px) 100vw, 320px\" \/><\/figure>\n\n\n\n<figure class=\"wp-block-image size-large is-resized\"><img loading=\"lazy\" decoding=\"async\" width=\"320\" height=\"193\" src=\"http:\/\/kristaboggs.fr\/yoga\/wp-content\/uploads\/2021\/06\/Bard341_1.jpg\" alt=\"\" class=\"wp-image-320\" style=\"width:500px;height:302px\" srcset=\"http:\/\/kristaboggs.fr\/yoga\/wp-content\/uploads\/2021\/06\/Bard341_1.jpg 320w, http:\/\/kristaboggs.fr\/yoga\/wp-content\/uploads\/2021\/06\/Bard341_1-300x181.jpg 300w\" sizes=\"(max-width: 320px) 100vw, 320px\" \/><\/figure>\n\n\n\n<p>Lors mon arriv\u00e9e \u00e0 Paris dans les ann\u00e9es 90, j&rsquo;ai poursuivi la danse mais plut\u00f4t en \u00e9tudiant la danse orientale \u00e9gyptienne avec des ann\u00e9es de cours et de mater clesses avec:  Mahmoud Reda, Rakia Hassan, Suraya Hilal, Yousri Sharif, Marie Al Fajr, Lilian Malki, Anne Anne Benveniste et Leila Haddad. J&rsquo;ai aussi \u00e9tudi\u00e9 longuement avec Hassen Ben Gharbia, danseur et chor\u00e9graphie dont un style contemporain avec une forte influence traditionnelle tunisienne, libanaise et Graham. Il a aussi particip\u00e9 aux c\u00e9r\u00e9monies des derviches tourneurs de Turquie. Lors mes aventures photographiques dans les ann\u00e9es 90, j&rsquo;ai particip\u00e9 aux apprentissages de danses traditionnelles kurdes, Y\u00e9zidis, et Assyro-Chald\u00e9ens communaut\u00e9s \u00e0 Paris, et en Syrie, et Kurdistan d&rsquo;Irak. <\/p>\n\n\n\n<figure class=\"wp-block-image size-large is-resized\"><img loading=\"lazy\" decoding=\"async\" width=\"772\" height=\"1024\" src=\"http:\/\/kristaboggs.fr\/yoga\/wp-content\/uploads\/2022\/10\/VEIL-772x1024.jpg\" alt=\"\" class=\"wp-image-735\" style=\"width:315px;height:417px\" srcset=\"http:\/\/kristaboggs.fr\/yoga\/wp-content\/uploads\/2022\/10\/VEIL-772x1024.jpg 772w, http:\/\/kristaboggs.fr\/yoga\/wp-content\/uploads\/2022\/10\/VEIL-226x300.jpg 226w, http:\/\/kristaboggs.fr\/yoga\/wp-content\/uploads\/2022\/10\/VEIL-768x1019.jpg 768w, http:\/\/kristaboggs.fr\/yoga\/wp-content\/uploads\/2022\/10\/VEIL-1158x1536.jpg 1158w, http:\/\/kristaboggs.fr\/yoga\/wp-content\/uploads\/2022\/10\/VEIL-1544x2048.jpg 1544w, http:\/\/kristaboggs.fr\/yoga\/wp-content\/uploads\/2022\/10\/VEIL-scaled.jpg 1930w\" sizes=\"(max-width: 772px) 100vw, 772px\" \/><\/figure>\n\n\n\n<figure class=\"wp-block-image size-large\"><img loading=\"lazy\" decoding=\"async\" width=\"631\" height=\"480\" src=\"http:\/\/kristaboggs.fr\/yoga\/wp-content\/uploads\/2021\/06\/MG_0678.jpeg\" alt=\"\" class=\"wp-image-319\" srcset=\"http:\/\/kristaboggs.fr\/yoga\/wp-content\/uploads\/2021\/06\/MG_0678.jpeg 631w, http:\/\/kristaboggs.fr\/yoga\/wp-content\/uploads\/2021\/06\/MG_0678-300x228.jpeg 300w\" sizes=\"(max-width: 631px) 100vw, 631px\" \/><\/figure>\n\n\n\n<p><\/p>\n\n\n\n<p>Les chants d\u00e9votionnels de kirtans font parti de mes premiers souvenirs de chant dans mon enfance. Les vibrations, m\u00e9lodies et harmoniques de l\u2019harmonium indien accompagnaient les chants jusqu\u2019au silence de la m\u00e9ditation \u00e0 notre temple de Paramahansa Yogananda \u00e0 Phoenix. J\u2019adorais chanter des kirtans, mais j\u2019\u00e9tais plut\u00f4t une enfant timide qui avait des blocages au niveau de l\u2019expression \u00e0 l\u2019orale. Ce n\u2019est donc pas surprenant que je me suis mise \u00e0  danser et que je suis devenue photographe. J&rsquo;ai d\u00e9couvert le chemin vers ma voix tardivement, suite \u00e0 une tumeur tr\u00e8s rare qui \u00e9tait sur le point de \u00ab\u00a0devenir mauvais\u00a0\u00bb &#8230; une dr\u00f4le de \u00ab\u00a0b\u00e9n\u00e9diction d\u00e9guis\u00e9e\u00a0\u00bb \u00e0 couper le souffle. <\/p>\n\n\n<div class=\"wp-block-image\">\n<figure class=\"aligncenter size-large is-resized\"><img loading=\"lazy\" decoding=\"async\" width=\"311\" height=\"349\" src=\"http:\/\/kristaboggs.fr\/yoga\/wp-content\/uploads\/2022\/10\/Nume\u0301riser-3.jpeg\" alt=\"\" class=\"wp-image-601\" style=\"width:383px;height:430px\" srcset=\"http:\/\/kristaboggs.fr\/yoga\/wp-content\/uploads\/2022\/10\/Nume\u0301riser-3.jpeg 311w, http:\/\/kristaboggs.fr\/yoga\/wp-content\/uploads\/2022\/10\/Nume\u0301riser-3-267x300.jpeg 267w\" sizes=\"(max-width: 311px) 100vw, 311px\" \/><figcaption class=\"wp-element-caption\">Auto portrait avant connaissance du tumeur. <em>Papillon<\/em><\/figcaption><\/figure><\/div>\n\n<div class=\"wp-block-image\">\n<figure class=\"alignright size-large is-resized\"><img loading=\"lazy\" decoding=\"async\" width=\"324\" height=\"298\" src=\"http:\/\/kristaboggs.fr\/yoga\/wp-content\/uploads\/2022\/03\/Capture-de\u0301cran-2022-03-21-a\u0300-18.37.31-1.png\" alt=\"\" class=\"wp-image-463\" style=\"width:237px;height:217px\" srcset=\"http:\/\/kristaboggs.fr\/yoga\/wp-content\/uploads\/2022\/03\/Capture-de\u0301cran-2022-03-21-a\u0300-18.37.31-1.png 324w, http:\/\/kristaboggs.fr\/yoga\/wp-content\/uploads\/2022\/03\/Capture-de\u0301cran-2022-03-21-a\u0300-18.37.31-1-300x276.png 300w\" sizes=\"(max-width: 324px) 100vw, 324px\" \/><figcaption class=\"wp-element-caption\"> Ma scintigraphie. <em>Papillon<\/em>&#8230;<\/figcaption><\/figure><\/div>\n\n\n<p>En 2011, j&rsquo;ai subi une op\u00e9ration tr\u00e8s d\u00e9licate d&rsquo;une tumeur de la <span style=\"text-decoration: underline;\">para<\/span>thyro\u00efde dont le nerf laryngal r\u00e9current (qui permet de parler et de d\u00e9glutir) \u00e9tait compl\u00e8tement coll\u00e9 autour de celui-ci (voir photo ci-dessus). Le chirurgien \u00e9tait convaincu que j&rsquo;aurais des s\u00e9quelles s\u00e9rieuses au niveau de la voix, suite \u00e0 cette op\u00e9ration qui s&rsquo;est av\u00e9r\u00e9e tr\u00e8s compliqu\u00e9e. J&rsquo;ai \u00e9t\u00e9 op\u00e9r\u00e9e deux fois dans la journ\u00e9e. Lorsqu&rsquo;on touche \u00e0 ce nerf, le risque est une paralysie du larynx homolat\u00e9ral, ce qui se traduit par une dysphonie (trouble de la voix, voix cass\u00e9e). Je devais le tenir informer de mon progr\u00e8s pendant environ un an, car il avait beaucoup touch\u00e9 aux tissus entourant le nerf. Pour le rassurais, chaque fois par t\u00e9l\u00e9phone, je lui disais que mon accent am\u00e9ricain disparaissait de plus en plus&#8230; J&rsquo;allais progressivement mieux, mais j&rsquo;avais beaucoup de tensions au niveau de la gorge, autour de la larynx et la fatigue vocale perdurait. <\/p>\n\n\n<div class=\"wp-block-image\">\n<figure class=\"alignright size-full is-resized\"><img loading=\"lazy\" decoding=\"async\" width=\"658\" height=\"867\" src=\"http:\/\/kristaboggs.fr\/yoga\/wp-content\/uploads\/2024\/06\/Photo\u00a9ThibaudGalvan.jpg\" alt=\"\" class=\"wp-image-1989\" style=\"width:254px;height:auto\" srcset=\"http:\/\/kristaboggs.fr\/yoga\/wp-content\/uploads\/2024\/06\/Photo\u00a9ThibaudGalvan.jpg 658w, http:\/\/kristaboggs.fr\/yoga\/wp-content\/uploads\/2024\/06\/Photo\u00a9ThibaudGalvan-228x300.jpg 228w\" sizes=\"(max-width: 658px) 100vw, 658px\" \/><figcaption class=\"wp-element-caption\">Concert Panderovox 2022<br>Photo\u00a9ThibaudGalvan <a href=\"https:\/\/anima-audiovisuel.com\/\">https:\/\/anima-audiovisuel.com\/<\/a><\/figcaption><\/figure><\/div>\n\n\n<p>Gr\u00e2ce \u00e0 mon chemin de pratique de yoga et surtout suite \u00e0 la suite d&rsquo;un stage deux ans plus tard de chant anim\u00e9 par une professeure de yoga qui est chanteuse professionnelle (Jai Jagdeesh), j\u2019ai eu un d\u00e9blocage au niveau de la voix.  Je ressentais un fort envie de chanter, mais je ne savais pas vers o\u00f9 m&rsquo;orienter. <\/p>\n\n\n\n<p><\/p>\n\n\n\n<p class=\"has-text-align-right\">   <\/p>\n\n\n\n<p>J&rsquo;ai suivi un stage de chant bulgare en 2015. Ce qui m&rsquo;a amen\u00e9 vers ce voie. C&rsquo;\u00e9tait chez Greg Duveau dans le Lot <a href=\"http:\/\/www.tradivox.fr\/\">http:\/\/www.tradivox.fr\/<\/a>. \u00c7a fait environ 8 ans maintenant que je fais partie des ateliers de chant polyphonique du monde sous la direction de Greg Duveau (Hypola\u00efs \/ Nadalik \/ Panderovox \/Ail &amp; Gingembre, Panderovox 2). <\/p>\n\n\n\n<p>En plus de l&rsquo;enseignement de transmissions de chants et percussions de Greg, je suis r\u00e9guli\u00e8rement des stages d&rsquo;approfondissement de chant en diverses techniques vocales et styles du monde (raga, shabad, kirtan, chant bulgare, corse&#8230;) en France avec des professeurs, chanteurs et musiciens professionnels. <\/p>\n\n\n\n<p>Que j&rsquo;ai r\u00e9ussie \u00e0 reparler sans s\u00e9quelles est un miracle. Que j&rsquo;ai r\u00e9ussi \u00e0 chanter par la suite&#8230; je suis sans voix&#8230;<\/p>\n\n\n\n<p><\/p>\n\n\n\n<p><\/p>\n\n\n\n<figure class=\"wp-block-embed is-type-video is-provider-youtube wp-block-embed-youtube wp-embed-aspect-4-3 wp-has-aspect-ratio\"><div class=\"wp-block-embed__wrapper\">\n<iframe loading=\"lazy\" title=\"TRIBU HYPOLA\u00cfS - S\u00f2 le muntagne d&#039;Orezza - Live Le Vigan 2018\" width=\"500\" height=\"375\" src=\"https:\/\/www.youtube.com\/embed\/VWPPQH8J4kU?feature=oembed\" frameborder=\"0\" allow=\"accelerometer; autoplay; clipboard-write; encrypted-media; gyroscope; picture-in-picture; web-share\" referrerpolicy=\"strict-origin-when-cross-origin\" allowfullscreen><\/iframe>\n<\/div><figcaption class=\"wp-element-caption\">Tribu Hypola\u00efs. Sous la direction de Greg Duveau. So le muntagne d&rsquo;Orezza. Le Vigan. 2018.<\/figcaption><\/figure>\n\n\n\n<figure class=\"wp-block-embed is-type-video is-provider-youtube wp-block-embed-youtube wp-embed-aspect-16-9 wp-has-aspect-ratio\"><div class=\"wp-block-embed__wrapper\">\n<iframe loading=\"lazy\" title=\"Tribu Nadalik  (le Vigan 46) Chants polyphoniques\" width=\"500\" height=\"281\" src=\"https:\/\/www.youtube.com\/embed\/JOqNdLf-pe8?feature=oembed\" frameborder=\"0\" allow=\"accelerometer; autoplay; clipboard-write; encrypted-media; gyroscope; picture-in-picture; web-share\" referrerpolicy=\"strict-origin-when-cross-origin\" allowfullscreen><\/iframe>\n<\/div><figcaption class=\"wp-element-caption\">Tribu Nadalik. Sous la direction de Greg Duveau. Notre concert de no\u00ebl \u00e0 la Grotte de Lacave.<\/figcaption><\/figure>\n\n\n\n<p><\/p>\n","protected":false},"excerpt":{"rendered":"<p class=\"qua-blog-post-description\">Lors mon arriv\u00e9e \u00e0 Paris dans les ann\u00e9es 90, j&rsquo;ai poursuivi la danse mais plut\u00f4t en \u00e9tudiant la danse orientale \u00e9gyptienne avec des ann\u00e9es de cours et de mater clesses avec: Mahmoud Reda, Rakia Hassan, Suraya Hilal, Yousri Sharif, Marie Al Fajr, Lilian Malki, Anne Anne Benveniste et Leila Haddad. J&rsquo;ai aussi \u00e9tudi\u00e9 longuement avec [&hellip;]<\/p>\n","protected":false},"author":1,"featured_media":0,"parent":0,"menu_order":0,"comment_status":"closed","ping_status":"closed","template":"","meta":{"footnotes":""},"yoast_head":"<!-- This site is optimized with the Yoast SEO plugin v20.1 - https:\/\/yoast.com\/wordpress\/plugins\/seo\/ -->\n<title>Parcours de la danse &amp; du chant - Lotus Kundalini Yoga<\/title>\n<meta name=\"robots\" content=\"index, follow, max-snippet:-1, max-image-preview:large, max-video-preview:-1\" \/>\n<link rel=\"canonical\" href=\"http:\/\/kristaboggs.fr\/yoga\/la-danse\/\" \/>\n<meta property=\"og:locale\" content=\"fr_FR\" \/>\n<meta property=\"og:type\" content=\"article\" \/>\n<meta property=\"og:title\" content=\"Parcours de la danse &amp; du chant - Lotus Kundalini Yoga\" \/>\n<meta property=\"og:description\" content=\"Lors mon arriv\u00e9e \u00e0 Paris dans les ann\u00e9es 90, j&rsquo;ai poursuivi la danse mais plut\u00f4t en \u00e9tudiant la danse orientale \u00e9gyptienne avec des ann\u00e9es de cours et de mater clesses avec: Mahmoud Reda, Rakia Hassan, Suraya Hilal, Yousri Sharif, Marie Al Fajr, Lilian Malki, Anne Anne Benveniste et Leila Haddad. J&rsquo;ai aussi \u00e9tudi\u00e9 longuement avec [&hellip;]\" \/>\n<meta property=\"og:url\" content=\"http:\/\/kristaboggs.fr\/yoga\/la-danse\/\" \/>\n<meta property=\"og:site_name\" content=\"Lotus Kundalini Yoga\" \/>\n<meta property=\"article:publisher\" content=\"https:\/\/www.facebook.com\/preetshakti\/\" \/>\n<meta property=\"article:modified_time\" content=\"2024-06-16T13:49:14+00:00\" \/>\n<meta property=\"og:image\" content=\"http:\/\/kristaboggs.fr\/yoga\/wp-content\/uploads\/2021\/06\/Bard341-copie.jpg\" \/>\n<meta name=\"twitter:card\" content=\"summary_large_image\" \/>\n<meta name=\"twitter:label1\" content=\"Dur\u00e9e de lecture estim\u00e9e\" \/>\n\t<meta name=\"twitter:data1\" content=\"5 minutes\" \/>\n<script type=\"application\/ld+json\" class=\"yoast-schema-graph\">{\"@context\":\"https:\/\/schema.org\",\"@graph\":[{\"@type\":\"WebPage\",\"@id\":\"http:\/\/kristaboggs.fr\/yoga\/la-danse\/\",\"url\":\"http:\/\/kristaboggs.fr\/yoga\/la-danse\/\",\"name\":\"Parcours de la danse & du chant - Lotus Kundalini Yoga\",\"isPartOf\":{\"@id\":\"http:\/\/kristaboggs.fr\/yoga\/#website\"},\"datePublished\":\"2021-06-27T14:17:30+00:00\",\"dateModified\":\"2024-06-16T13:49:14+00:00\",\"breadcrumb\":{\"@id\":\"http:\/\/kristaboggs.fr\/yoga\/la-danse\/#breadcrumb\"},\"inLanguage\":\"fr-FR\",\"potentialAction\":[{\"@type\":\"ReadAction\",\"target\":[\"http:\/\/kristaboggs.fr\/yoga\/la-danse\/\"]}]},{\"@type\":\"BreadcrumbList\",\"@id\":\"http:\/\/kristaboggs.fr\/yoga\/la-danse\/#breadcrumb\",\"itemListElement\":[{\"@type\":\"ListItem\",\"position\":1,\"name\":\"Accueil\",\"item\":\"http:\/\/kristaboggs.fr\/yoga\/\"},{\"@type\":\"ListItem\",\"position\":2,\"name\":\"Parcours de la danse &#038; du chant\"}]},{\"@type\":\"WebSite\",\"@id\":\"http:\/\/kristaboggs.fr\/yoga\/#website\",\"url\":\"http:\/\/kristaboggs.fr\/yoga\/\",\"name\":\"Lotus Kundalini Yoga\",\"description\":\"Le Yoga en plein Lot\",\"publisher\":{\"@id\":\"http:\/\/kristaboggs.fr\/yoga\/#organization\"},\"potentialAction\":[{\"@type\":\"SearchAction\",\"target\":{\"@type\":\"EntryPoint\",\"urlTemplate\":\"http:\/\/kristaboggs.fr\/yoga\/?s={search_term_string}\"},\"query-input\":\"required name=search_term_string\"}],\"inLanguage\":\"fr-FR\"},{\"@type\":\"Organization\",\"@id\":\"http:\/\/kristaboggs.fr\/yoga\/#organization\",\"name\":\"Lotus Kundalini Yoga\",\"url\":\"http:\/\/kristaboggs.fr\/yoga\/\",\"logo\":{\"@type\":\"ImageObject\",\"inLanguage\":\"fr-FR\",\"@id\":\"http:\/\/kristaboggs.fr\/yoga\/#\/schema\/logo\/image\/\",\"url\":\"http:\/\/kristaboggs.fr\/yoga\/wp-content\/uploads\/2018\/07\/\u00a9KristaBoggs8335YogaWebsite-1024x787.jpg\",\"contentUrl\":\"http:\/\/kristaboggs.fr\/yoga\/wp-content\/uploads\/2018\/07\/\u00a9KristaBoggs8335YogaWebsite-1024x787.jpg\",\"width\":1024,\"height\":787,\"caption\":\"Lotus Kundalini Yoga\"},\"image\":{\"@id\":\"http:\/\/kristaboggs.fr\/yoga\/#\/schema\/logo\/image\/\"},\"sameAs\":[\"https:\/\/www.facebook.com\/preetshakti\/\"]}]}<\/script>\n<!-- \/ Yoast SEO plugin. -->","yoast_head_json":{"title":"Parcours de la danse & du chant - Lotus Kundalini Yoga","robots":{"index":"index","follow":"follow","max-snippet":"max-snippet:-1","max-image-preview":"max-image-preview:large","max-video-preview":"max-video-preview:-1"},"canonical":"http:\/\/kristaboggs.fr\/yoga\/la-danse\/","og_locale":"fr_FR","og_type":"article","og_title":"Parcours de la danse & du chant - Lotus Kundalini Yoga","og_description":"Lors mon arriv\u00e9e \u00e0 Paris dans les ann\u00e9es 90, j&rsquo;ai poursuivi la danse mais plut\u00f4t en \u00e9tudiant la danse orientale \u00e9gyptienne avec des ann\u00e9es de cours et de mater clesses avec: Mahmoud Reda, Rakia Hassan, Suraya Hilal, Yousri Sharif, Marie Al Fajr, Lilian Malki, Anne Anne Benveniste et Leila Haddad. J&rsquo;ai aussi \u00e9tudi\u00e9 longuement avec [&hellip;]","og_url":"http:\/\/kristaboggs.fr\/yoga\/la-danse\/","og_site_name":"Lotus Kundalini Yoga","article_publisher":"https:\/\/www.facebook.com\/preetshakti\/","article_modified_time":"2024-06-16T13:49:14+00:00","og_image":[{"url":"http:\/\/kristaboggs.fr\/yoga\/wp-content\/uploads\/2021\/06\/Bard341-copie.jpg"}],"twitter_card":"summary_large_image","twitter_misc":{"Dur\u00e9e de lecture estim\u00e9e":"5 minutes"},"schema":{"@context":"https:\/\/schema.org","@graph":[{"@type":"WebPage","@id":"http:\/\/kristaboggs.fr\/yoga\/la-danse\/","url":"http:\/\/kristaboggs.fr\/yoga\/la-danse\/","name":"Parcours de la danse & du chant - Lotus Kundalini Yoga","isPartOf":{"@id":"http:\/\/kristaboggs.fr\/yoga\/#website"},"datePublished":"2021-06-27T14:17:30+00:00","dateModified":"2024-06-16T13:49:14+00:00","breadcrumb":{"@id":"http:\/\/kristaboggs.fr\/yoga\/la-danse\/#breadcrumb"},"inLanguage":"fr-FR","potentialAction":[{"@type":"ReadAction","target":["http:\/\/kristaboggs.fr\/yoga\/la-danse\/"]}]},{"@type":"BreadcrumbList","@id":"http:\/\/kristaboggs.fr\/yoga\/la-danse\/#breadcrumb","itemListElement":[{"@type":"ListItem","position":1,"name":"Accueil","item":"http:\/\/kristaboggs.fr\/yoga\/"},{"@type":"ListItem","position":2,"name":"Parcours de la danse &#038; du chant"}]},{"@type":"WebSite","@id":"http:\/\/kristaboggs.fr\/yoga\/#website","url":"http:\/\/kristaboggs.fr\/yoga\/","name":"Lotus Kundalini Yoga","description":"Le Yoga en plein Lot","publisher":{"@id":"http:\/\/kristaboggs.fr\/yoga\/#organization"},"potentialAction":[{"@type":"SearchAction","target":{"@type":"EntryPoint","urlTemplate":"http:\/\/kristaboggs.fr\/yoga\/?s={search_term_string}"},"query-input":"required name=search_term_string"}],"inLanguage":"fr-FR"},{"@type":"Organization","@id":"http:\/\/kristaboggs.fr\/yoga\/#organization","name":"Lotus Kundalini Yoga","url":"http:\/\/kristaboggs.fr\/yoga\/","logo":{"@type":"ImageObject","inLanguage":"fr-FR","@id":"http:\/\/kristaboggs.fr\/yoga\/#\/schema\/logo\/image\/","url":"http:\/\/kristaboggs.fr\/yoga\/wp-content\/uploads\/2018\/07\/\u00a9KristaBoggs8335YogaWebsite-1024x787.jpg","contentUrl":"http:\/\/kristaboggs.fr\/yoga\/wp-content\/uploads\/2018\/07\/\u00a9KristaBoggs8335YogaWebsite-1024x787.jpg","width":1024,"height":787,"caption":"Lotus Kundalini Yoga"},"image":{"@id":"http:\/\/kristaboggs.fr\/yoga\/#\/schema\/logo\/image\/"},"sameAs":["https:\/\/www.facebook.com\/preetshakti\/"]}]}},"_links":{"self":[{"href":"http:\/\/kristaboggs.fr\/yoga\/wp-json\/wp\/v2\/pages\/318"}],"collection":[{"href":"http:\/\/kristaboggs.fr\/yoga\/wp-json\/wp\/v2\/pages"}],"about":[{"href":"http:\/\/kristaboggs.fr\/yoga\/wp-json\/wp\/v2\/types\/page"}],"author":[{"embeddable":true,"href":"http:\/\/kristaboggs.fr\/yoga\/wp-json\/wp\/v2\/users\/1"}],"replies":[{"embeddable":true,"href":"http:\/\/kristaboggs.fr\/yoga\/wp-json\/wp\/v2\/comments?post=318"}],"version-history":[{"count":58,"href":"http:\/\/kristaboggs.fr\/yoga\/wp-json\/wp\/v2\/pages\/318\/revisions"}],"predecessor-version":[{"id":1992,"href":"http:\/\/kristaboggs.fr\/yoga\/wp-json\/wp\/v2\/pages\/318\/revisions\/1992"}],"wp:attachment":[{"href":"http:\/\/kristaboggs.fr\/yoga\/wp-json\/wp\/v2\/media?parent=318"}],"curies":[{"name":"wp","href":"https:\/\/api.w.org\/{rel}","templated":true}]}}