{"id":1807,"date":"2023-12-04T17:11:33","date_gmt":"2023-12-04T16:11:33","guid":{"rendered":"http:\/\/kristaboggs.fr\/yoga\/?page_id=1807"},"modified":"2024-09-30T22:17:50","modified_gmt":"2024-09-30T20:17:50","slug":"brouillon-auto","status":"publish","type":"page","link":"http:\/\/kristaboggs.fr\/yoga\/brouillon-auto\/","title":{"rendered":"Atelier Mouvement autour du F\u00e9minin Sacr\u00e9"},"content":{"rendered":"\n<h1 class=\"wp-block-heading\"><\/h1>\n\n\n\n<p><\/p>\n\n\n\n<p><\/p>\n\n\n\n<figure class=\"wp-block-image size-large\"><img loading=\"lazy\" decoding=\"async\" width=\"763\" height=\"1024\" src=\"http:\/\/kristaboggs.fr\/yoga\/wp-content\/uploads\/2023\/12\/2.Capture-decran-2023-12-04-a-15.27.03-copie-763x1024.jpg\" alt=\"\" class=\"wp-image-1817\" srcset=\"http:\/\/kristaboggs.fr\/yoga\/wp-content\/uploads\/2023\/12\/2.Capture-decran-2023-12-04-a-15.27.03-copie-763x1024.jpg 763w, http:\/\/kristaboggs.fr\/yoga\/wp-content\/uploads\/2023\/12\/2.Capture-decran-2023-12-04-a-15.27.03-copie-224x300.jpg 224w, http:\/\/kristaboggs.fr\/yoga\/wp-content\/uploads\/2023\/12\/2.Capture-decran-2023-12-04-a-15.27.03-copie-768x1030.jpg 768w, http:\/\/kristaboggs.fr\/yoga\/wp-content\/uploads\/2023\/12\/2.Capture-decran-2023-12-04-a-15.27.03-copie.jpg 896w\" sizes=\"(max-width: 763px) 100vw, 763px\" \/><figcaption class=\"wp-element-caption\">Patrice Bonal, Krista Boggs-Piot, et Marie-France Blanchard suite \u00e0 leur premier atelier \u00e0 Maurs le 03 d\u00e9cembre, 2023<\/figcaption><\/figure>\n\n\n\n<h2 class=\"wp-block-heading\">Un atelier unique propos\u00e9 par trois enseignants<\/h2>\n\n\n\n<p class=\"has-medium-font-size\">D\u00e9couvrez des exp\u00e9riences multisensorielles et lib\u00e9ratrices dans un atelier unique autour du f\u00e9minin sacr\u00e9.<\/p>\n\n\n\n<p class=\"has-medium-font-size\">Pour vous guider dans cette exp\u00e9rience, cet atelier est anim\u00e9 en trois parties de 2 heures, par trois enseignants passionn\u00e9s.<\/p>\n\n\n\n<p class=\"has-medium-font-size\">Ensemble, nous explorerons la connexion profonde avec notre essence f\u00e9minine, lib\u00e9rant l&rsquo;\u00e9nergie cr\u00e9atrice et la joie.&nbsp;<\/p>\n\n\n\n<p class=\"has-medium-font-size\"><strong>Marie-France:<\/strong> Prise de conscience et int\u00e9gration de l\u2019anatomie et de la&nbsp; physiologie int\u00e9rieure f\u00e9minine, gr\u00e2ce au mime de la danse de l&rsquo;ut\u00e9rus.<\/p>\n\n\n\n<p class=\"has-medium-font-size\"><strong>Patrice:<\/strong> Techniques de respirations et de concentrations pour tendre vers l&rsquo;\u00e9quilibre et&nbsp; l\u2019harmonie du feminin et du masculin dans la douceur de Yoga.<\/p>\n\n\n\n<p class=\"has-medium-font-size\"><strong>Krista:<\/strong> Mouvements et Danse m\u00e9ditatives : Onduler vers la fluidit\u00e9 et la gu\u00e9rison.<\/p>\n\n\n\n<p class=\"has-medium-font-size\"><strong>Quand<\/strong>: Dates \u00e0 venir<\/p>\n\n\n\n<p class=\"has-medium-font-size\"><strong>O\u00f9<\/strong>: \u00e0&nbsp; et autour de Figeac (46) <\/p>\n\n\n\n<p class=\"has-medium-font-size\"><\/p>\n\n\n\n<h2 class=\"wp-block-heading\">Les enseignants <\/h2>\n\n\n\n<p><\/p>\n\n\n<div class=\"wp-block-image\">\n<figure class=\"aligncenter size-full is-resized\"><img loading=\"lazy\" decoding=\"async\" width=\"628\" height=\"900\" src=\"http:\/\/kristaboggs.fr\/yoga\/wp-content\/uploads\/2023\/12\/Capture-decran-2023-12-04-a-16.50.35.png\" alt=\"\" class=\"wp-image-1809\" style=\"width:264px;height:377px\" srcset=\"http:\/\/kristaboggs.fr\/yoga\/wp-content\/uploads\/2023\/12\/Capture-decran-2023-12-04-a-16.50.35.png 628w, http:\/\/kristaboggs.fr\/yoga\/wp-content\/uploads\/2023\/12\/Capture-decran-2023-12-04-a-16.50.35-209x300.png 209w\" sizes=\"(max-width: 628px) 100vw, 628px\" \/><figcaption class=\"wp-element-caption\">Marie-France Blanchard<\/figcaption><\/figure><\/div>\n\n\n<p class=\"has-medium-font-size\">Marie-France.<\/p>\n\n\n\n<p class=\"has-medium-font-size\">J\u2019ai \u00e9t\u00e9 kin\u00e9sith\u00e9rapeute sur la r\u00e9gion parisienne pendant 17 ans puis ost\u00e9opathe sur Capdenac de 2000 \u00e0 2017.<\/p>\n\n\n\n<p class=\"has-medium-font-size\">Je fais du yoga depuis 2005, et j\u2019ai suivi une formation en Inde en 2019 (yogath\u00e9rapie). Je continue toujours \u00e0 suivre stages et formations dans cette voie . J\u2019ai suivi en 2006 une formation en ost\u00e9opathie intrapelvienne , et j\u2019ai pu aborder avec beaucoup de femmes cette sph\u00e8re intime gyn\u00e9cologique en touch\u00e9 interne et ressentis&nbsp; profonds.<\/p>\n\n\n\n<p class=\"has-medium-font-size\">Beaucoup d\u2019entre nous aujourd\u2019hui encore n&rsquo;ont pas acc\u00e8s \u00e0 cet \u00abintime \u00bb m\u00e9connu tant dans sa dimension sacr\u00e9e que dans sa mobilit\u00e9 physiologique.<\/p>\n\n\n\n<p class=\"has-medium-font-size\">Ainsi il est possible d\u2019aborder les sympt\u00f4mes tels que les douleurs abdominales, lombaires li\u00e9es au cycle menstruel, les douleurs pendant les rapports, le syndrome pr\u00e9menstruel (maux de t\u00eate, douleurs articulaires, douleurs circulatoires dans les membres inf\u00e9rieurs). Les probl\u00e8mes de sciatique , sciatalgies en rapport avec le cycle . Les douleurs articulaires et circulatoires pendant la grossesse. Ainsi que le post partum. Et les probl\u00e8mes li\u00e9s \u00e0 l&rsquo;infertilit\u00e9 \u2026&nbsp;<\/p>\n\n\n\n<p class=\"has-medium-font-size\"><em>Je vous parlerai de la sensibilisation au d\u00e9codage biologique des maux de la sph\u00e8re g\u00e9nitale (seins, ovaires, ut\u00e9rus, trompes,&nbsp; endom\u00e9triose\u2026)<\/em><\/p>\n\n\n\n<p class=\"has-medium-font-size\">Je serai enchant\u00e9e de vous accompagner dans ce voyage vers votre petit bassin et le tr\u00e9sor qui s\u2019y trouve .<\/p>\n\n\n\n<p class=\"has-medium-font-size\">Le vase sacr\u00e9 :<\/p>\n\n\n\n<p class=\"has-medium-font-size\">Les grands-m\u00e8res disent que lorsque nous sommes n\u00e9es , la terre nous a fait&nbsp; cadeau d\u2019un vase sacr\u00e9 , et l\u2019a pos\u00e9 dans un endroit tr\u00e8s sp\u00e9cial\u2026.<\/p>\n\n\n\n<p class=\"has-medium-font-size\">Sous la force de notre volont\u00e9 et&nbsp; au-dessus de nos racines , en lien avec nos rivi\u00e8res int\u00e9rieures, pour que nous puissions toujours lui offrir un peu de notre fertilit\u00e9.<\/p>\n\n\n\n<p class=\"has-medium-font-size\">&nbsp;Ce vase est tel un volcan car il contient une flamme allum\u00e9e. L\u00e0 o\u00f9 se con\u00e7oivent toutes les naissances. L\u00e0 o\u00f9 s&rsquo;amorce la cr\u00e9ation universelle .<\/p>\n\n\n\n<p class=\"has-medium-font-size\">Ce vase , elle l\u2019a fabriqu\u00e9 de terre , pour qu\u2019il puisse se modeler . Et si nous l\u2019aimons et que nous en prenons soin, on peut y cr\u00e9er un jardin de sagesse et de m\u00e9moire.<\/p>\n\n\n\n<p class=\"has-medium-font-size\">Elle l\u2019a parfaitement r\u00e9alis\u00e9 , humide , chaud et y a d\u00e9pos\u00e9 toutes les potions alchimiques pour nous souvenir de comment soigner l \u2018humanit\u00e9.<\/p>\n\n\n\n<p class=\"has-medium-font-size\">Ce vase contient aussi les secrets de la cr\u00e9ation toute enti\u00e8re et son pouvoir est in\u00e9galable. Elle l\u2019a cr\u00e9e en pensant \u00e0 une fleur et l\u2019a dessin\u00e9 en s\u2019inspirant des orchid\u00e9es<\/p>\n\n\n\n<p class=\"has-medium-font-size\">Ainsi , elle l&rsquo;a plac\u00e9 chez toutes nos filles pour que nous nous souvenions que nous sommes s\u0153urs .<\/p>\n\n\n\n<p class=\"has-medium-font-size\">Elle l&rsquo;a dot\u00e9 de cycles identiques \u00e0 ceux de la lune pour nous faire grandir en sagesse .<\/p>\n\n\n<div class=\"wp-block-image\">\n<figure class=\"aligncenter size-large is-resized\"><img loading=\"lazy\" decoding=\"async\" width=\"927\" height=\"1024\" src=\"http:\/\/kristaboggs.fr\/yoga\/wp-content\/uploads\/2023\/12\/NewPhotoK.Boggs9806b-927x1024.jpeg\" alt=\"\" class=\"wp-image-1810\" style=\"width:273px;height:301px\" srcset=\"http:\/\/kristaboggs.fr\/yoga\/wp-content\/uploads\/2023\/12\/NewPhotoK.Boggs9806b-927x1024.jpeg 927w, http:\/\/kristaboggs.fr\/yoga\/wp-content\/uploads\/2023\/12\/NewPhotoK.Boggs9806b-272x300.jpeg 272w, http:\/\/kristaboggs.fr\/yoga\/wp-content\/uploads\/2023\/12\/NewPhotoK.Boggs9806b-768x848.jpeg 768w, http:\/\/kristaboggs.fr\/yoga\/wp-content\/uploads\/2023\/12\/NewPhotoK.Boggs9806b.jpeg 960w\" sizes=\"(max-width: 927px) 100vw, 927px\" \/><figcaption class=\"wp-element-caption\">Krista Boggs-Piot<\/figcaption><\/figure><\/div>\n\n\n<p class=\"has-medium-font-size\">Krista. <\/p>\n\n\n\n<p class=\"has-medium-font-size\">Je suis artiste photographe et enseignante de yoga.\u00a0J&rsquo;anime des ateliers en France.<\/p>\n\n\n\n<p class=\"has-medium-font-size\">J\u2019ai une pratique personnelle de la m\u00e9ditation et du yoga depuis mon enfance et je les enseigne sous la forme de cours et ateliers-stages depuis 10 ans.<\/p>\n\n\n\n<p class=\"has-medium-font-size\">Je suis dipl\u00f4m\u00e9e des Arts Lib\u00e9raux de la facult\u00e9 de Bard Coll\u00e8ge \u00e0 New York avec une sp\u00e9cialisation en chor\u00e9graphie\/danse et certifi\u00e9e en tant qu\u2019enseignant en Kundalini yoga, Restorative Yoga (yoga \u00ab r\u00e9parateur \u00bb&nbsp;en fran\u00e7ais), Hormone Yoga Th\u00e9rapie f\u00e9minine. Je suis aussi certifi\u00e9e et sp\u00e9cialis\u00e9e dans le domaine du yoga th\u00e9rapeutique sp\u00e9cifique pour le stress et l\u2019anxi\u00e9t\u00e9 chronique, le burn out, et la sant\u00e9 digestive.&nbsp;<\/p>\n\n\n\n<p class=\"has-medium-font-size\">Personnellement, le yoga m\u2019a aid\u00e9 \u00e0 g\u00e9rer des situations \u00ab tr\u00e8s d\u00e9licates \u00bb dans mon activit\u00e9 professionnelle de photographe, lors des missions en Syrie, Iraq, Afrique Centrale et en Alg\u00e9rie.<\/p>\n\n\n\n<p class=\"has-medium-font-size\">&nbsp;Je transmets aux \u00e9l\u00e8ves un yoga qui permet d\u2019activer nos ressources internes, de s\u2019ancrer afin de surmonter les situations difficiles que nous rencontrons tous dans nos vies.&nbsp;<\/p>\n\n\n\n<p class=\"has-medium-font-size\">Mon approche d\u2019enseignement et de transmission est interdisciplinaire et sp\u00e9cifique \u00e0 mon parcours d\u2019artiste (photographie, danse et chant). Je propose des ateliers mensuels dont dans yoga\/danse, yoga\/voix, et yoga et sant\u00e9 digestive\u2026 et des accompagnements individuels dans mon nouvel atelier \u00ab Espace Liminal \u00bb dans le Lot.&nbsp;<\/p>\n\n\n\n<p class=\"has-medium-font-size\"><\/p>\n\n\n<div class=\"wp-block-image\">\n<figure class=\"aligncenter size-full is-resized\"><img loading=\"lazy\" decoding=\"async\" width=\"910\" height=\"1016\" src=\"http:\/\/kristaboggs.fr\/yoga\/wp-content\/uploads\/2023\/12\/Capture-decran-2023-12-04-a-17.01.40.png\" alt=\"\" class=\"wp-image-1820\" style=\"width:370px;height:412px\" srcset=\"http:\/\/kristaboggs.fr\/yoga\/wp-content\/uploads\/2023\/12\/Capture-decran-2023-12-04-a-17.01.40.png 910w, http:\/\/kristaboggs.fr\/yoga\/wp-content\/uploads\/2023\/12\/Capture-decran-2023-12-04-a-17.01.40-269x300.png 269w, http:\/\/kristaboggs.fr\/yoga\/wp-content\/uploads\/2023\/12\/Capture-decran-2023-12-04-a-17.01.40-768x857.png 768w\" sizes=\"(max-width: 910px) 100vw, 910px\" \/><figcaption class=\"wp-element-caption\">Patrice Bonal<\/figcaption><\/figure><\/div>\n\n\n<p class=\"has-medium-font-size\">Patrice.<\/p>\n\n\n\n<p class=\"has-medium-font-size\">Apr\u00e8s avoir d\u00e9couvert le Yoga en 2005, j\u2019ai suivi une formation certifiante de professeur de Yoga en Inde (2013 Sivananda). J\u2019ai compl\u00e9t\u00e9 ma formation en suivant l\u2019enseignement du Dr Lionel Coudron \u00e0 l\u2019Institut de yogath\u00e9rapie (IDYT 2018). Ces outils compl\u00e9mentaires me permettent de proposer plus de possibilit\u00e9s dans l\u2019accompagnement d\u2019une personne, et de donner plus de sens \u00e0 ce que l\u2019on fait.&nbsp;<\/p>\n\n\n\n<p class=\"has-medium-font-size\">En 2019 en Inde une formation Mantrath\u00e9rapie avec Maitri.<\/p>\n\n\n\n<p class=\"has-medium-font-size\">&nbsp;En 2020 j\u2019ai suivi une formation avec Pierre Bonasse &amp; Karina Barucha sur le Yoga Nidra et c\u2019est avec joie que l\u2019on explorera cette voie de la d\u00e9esse du sommeil.<\/p>\n\n\n\n<p class=\"has-medium-font-size\">Le yoga et le Yoni Mudra sont li\u00e9s par la recherche de l&rsquo;harmonie du f\u00e9minin.&nbsp;<\/p>\n\n\n\n<p class=\"has-medium-font-size\">Le Yoni Mudra, une pose sp\u00e9cifique des mains, est souvent utilis\u00e9 pour favoriser l&rsquo;\u00e9nergie dans la r\u00e9gion pelvienne, renfor\u00e7ant ainsi le lien entre le corps et l&rsquo;ut\u00e9rus. Pratiquer ces techniques peut contribuer \u00e0 l&rsquo;\u00e9quilibre \u00e9motionnel, physique et \u00e9nerg\u00e9tique, offrant aux femmes un moyen holistique d&rsquo;explorer leur f\u00e9minit\u00e9 et leur vitalit\u00e9.<\/p>\n\n\n\n<p class=\"has-medium-font-size\"><\/p>\n\n\n\n<p class=\"has-medium-font-size\"><\/p>\n","protected":false},"excerpt":{"rendered":"<p class=\"qua-blog-post-description\">Un atelier unique propos\u00e9 par trois enseignants D\u00e9couvrez des exp\u00e9riences multisensorielles et lib\u00e9ratrices dans un atelier unique autour du f\u00e9minin sacr\u00e9. Pour vous guider dans cette exp\u00e9rience, cet atelier est anim\u00e9 en trois parties de 2 heures, par trois enseignants passionn\u00e9s. Ensemble, nous explorerons la connexion profonde avec notre essence f\u00e9minine, lib\u00e9rant l&rsquo;\u00e9nergie cr\u00e9atrice et [&hellip;]<\/p>\n","protected":false},"author":1,"featured_media":1817,"parent":0,"menu_order":0,"comment_status":"closed","ping_status":"closed","template":"","meta":{"footnotes":""},"yoast_head":"<!-- This site is optimized with the Yoast SEO plugin v20.1 - https:\/\/yoast.com\/wordpress\/plugins\/seo\/ -->\n<title>Atelier Mouvement autour du F\u00e9minin Sacr\u00e9 - Lotus Kundalini Yoga<\/title>\n<meta name=\"robots\" content=\"index, follow, max-snippet:-1, max-image-preview:large, max-video-preview:-1\" \/>\n<link rel=\"canonical\" href=\"http:\/\/kristaboggs.fr\/yoga\/brouillon-auto\/\" \/>\n<meta property=\"og:locale\" content=\"fr_FR\" \/>\n<meta property=\"og:type\" content=\"article\" \/>\n<meta property=\"og:title\" content=\"Atelier Mouvement autour du F\u00e9minin Sacr\u00e9 - Lotus Kundalini Yoga\" \/>\n<meta property=\"og:description\" content=\"Un atelier unique propos\u00e9 par trois enseignants D\u00e9couvrez des exp\u00e9riences multisensorielles et lib\u00e9ratrices dans un atelier unique autour du f\u00e9minin sacr\u00e9. Pour vous guider dans cette exp\u00e9rience, cet atelier est anim\u00e9 en trois parties de 2 heures, par trois enseignants passionn\u00e9s. Ensemble, nous explorerons la connexion profonde avec notre essence f\u00e9minine, lib\u00e9rant l&rsquo;\u00e9nergie cr\u00e9atrice et [&hellip;]\" \/>\n<meta property=\"og:url\" content=\"http:\/\/kristaboggs.fr\/yoga\/brouillon-auto\/\" \/>\n<meta property=\"og:site_name\" content=\"Lotus Kundalini Yoga\" \/>\n<meta property=\"article:publisher\" content=\"https:\/\/www.facebook.com\/preetshakti\/\" \/>\n<meta property=\"article:modified_time\" content=\"2024-09-30T20:17:50+00:00\" \/>\n<meta property=\"og:image\" content=\"http:\/\/kristaboggs.fr\/yoga\/wp-content\/uploads\/2023\/12\/2.Capture-decran-2023-12-04-a-15.27.03-copie.jpg\" \/>\n\t<meta property=\"og:image:width\" content=\"896\" \/>\n\t<meta property=\"og:image:height\" content=\"1202\" \/>\n\t<meta property=\"og:image:type\" content=\"image\/jpeg\" \/>\n<meta name=\"twitter:card\" content=\"summary_large_image\" \/>\n<meta name=\"twitter:label1\" content=\"Dur\u00e9e de lecture estim\u00e9e\" \/>\n\t<meta name=\"twitter:data1\" content=\"6 minutes\" \/>\n<script type=\"application\/ld+json\" class=\"yoast-schema-graph\">{\"@context\":\"https:\/\/schema.org\",\"@graph\":[{\"@type\":\"WebPage\",\"@id\":\"http:\/\/kristaboggs.fr\/yoga\/brouillon-auto\/\",\"url\":\"http:\/\/kristaboggs.fr\/yoga\/brouillon-auto\/\",\"name\":\"Atelier Mouvement autour du F\u00e9minin Sacr\u00e9 - Lotus Kundalini Yoga\",\"isPartOf\":{\"@id\":\"http:\/\/kristaboggs.fr\/yoga\/#website\"},\"datePublished\":\"2023-12-04T16:11:33+00:00\",\"dateModified\":\"2024-09-30T20:17:50+00:00\",\"breadcrumb\":{\"@id\":\"http:\/\/kristaboggs.fr\/yoga\/brouillon-auto\/#breadcrumb\"},\"inLanguage\":\"fr-FR\",\"potentialAction\":[{\"@type\":\"ReadAction\",\"target\":[\"http:\/\/kristaboggs.fr\/yoga\/brouillon-auto\/\"]}]},{\"@type\":\"BreadcrumbList\",\"@id\":\"http:\/\/kristaboggs.fr\/yoga\/brouillon-auto\/#breadcrumb\",\"itemListElement\":[{\"@type\":\"ListItem\",\"position\":1,\"name\":\"Accueil\",\"item\":\"http:\/\/kristaboggs.fr\/yoga\/\"},{\"@type\":\"ListItem\",\"position\":2,\"name\":\"Atelier Mouvement autour du F\u00e9minin Sacr\u00e9\"}]},{\"@type\":\"WebSite\",\"@id\":\"http:\/\/kristaboggs.fr\/yoga\/#website\",\"url\":\"http:\/\/kristaboggs.fr\/yoga\/\",\"name\":\"Lotus Kundalini Yoga\",\"description\":\"Le Yoga en plein Lot\",\"publisher\":{\"@id\":\"http:\/\/kristaboggs.fr\/yoga\/#organization\"},\"potentialAction\":[{\"@type\":\"SearchAction\",\"target\":{\"@type\":\"EntryPoint\",\"urlTemplate\":\"http:\/\/kristaboggs.fr\/yoga\/?s={search_term_string}\"},\"query-input\":\"required name=search_term_string\"}],\"inLanguage\":\"fr-FR\"},{\"@type\":\"Organization\",\"@id\":\"http:\/\/kristaboggs.fr\/yoga\/#organization\",\"name\":\"Lotus Kundalini Yoga\",\"url\":\"http:\/\/kristaboggs.fr\/yoga\/\",\"logo\":{\"@type\":\"ImageObject\",\"inLanguage\":\"fr-FR\",\"@id\":\"http:\/\/kristaboggs.fr\/yoga\/#\/schema\/logo\/image\/\",\"url\":\"http:\/\/kristaboggs.fr\/yoga\/wp-content\/uploads\/2018\/07\/\u00a9KristaBoggs8335YogaWebsite-1024x787.jpg\",\"contentUrl\":\"http:\/\/kristaboggs.fr\/yoga\/wp-content\/uploads\/2018\/07\/\u00a9KristaBoggs8335YogaWebsite-1024x787.jpg\",\"width\":1024,\"height\":787,\"caption\":\"Lotus Kundalini Yoga\"},\"image\":{\"@id\":\"http:\/\/kristaboggs.fr\/yoga\/#\/schema\/logo\/image\/\"},\"sameAs\":[\"https:\/\/www.facebook.com\/preetshakti\/\"]}]}<\/script>\n<!-- \/ Yoast SEO plugin. -->","yoast_head_json":{"title":"Atelier Mouvement autour du F\u00e9minin Sacr\u00e9 - Lotus Kundalini Yoga","robots":{"index":"index","follow":"follow","max-snippet":"max-snippet:-1","max-image-preview":"max-image-preview:large","max-video-preview":"max-video-preview:-1"},"canonical":"http:\/\/kristaboggs.fr\/yoga\/brouillon-auto\/","og_locale":"fr_FR","og_type":"article","og_title":"Atelier Mouvement autour du F\u00e9minin Sacr\u00e9 - Lotus Kundalini Yoga","og_description":"Un atelier unique propos\u00e9 par trois enseignants D\u00e9couvrez des exp\u00e9riences multisensorielles et lib\u00e9ratrices dans un atelier unique autour du f\u00e9minin sacr\u00e9. Pour vous guider dans cette exp\u00e9rience, cet atelier est anim\u00e9 en trois parties de 2 heures, par trois enseignants passionn\u00e9s. Ensemble, nous explorerons la connexion profonde avec notre essence f\u00e9minine, lib\u00e9rant l&rsquo;\u00e9nergie cr\u00e9atrice et [&hellip;]","og_url":"http:\/\/kristaboggs.fr\/yoga\/brouillon-auto\/","og_site_name":"Lotus Kundalini Yoga","article_publisher":"https:\/\/www.facebook.com\/preetshakti\/","article_modified_time":"2024-09-30T20:17:50+00:00","og_image":[{"width":896,"height":1202,"url":"http:\/\/kristaboggs.fr\/yoga\/wp-content\/uploads\/2023\/12\/2.Capture-decran-2023-12-04-a-15.27.03-copie.jpg","type":"image\/jpeg"}],"twitter_card":"summary_large_image","twitter_misc":{"Dur\u00e9e de lecture estim\u00e9e":"6 minutes"},"schema":{"@context":"https:\/\/schema.org","@graph":[{"@type":"WebPage","@id":"http:\/\/kristaboggs.fr\/yoga\/brouillon-auto\/","url":"http:\/\/kristaboggs.fr\/yoga\/brouillon-auto\/","name":"Atelier Mouvement autour du F\u00e9minin Sacr\u00e9 - Lotus Kundalini Yoga","isPartOf":{"@id":"http:\/\/kristaboggs.fr\/yoga\/#website"},"datePublished":"2023-12-04T16:11:33+00:00","dateModified":"2024-09-30T20:17:50+00:00","breadcrumb":{"@id":"http:\/\/kristaboggs.fr\/yoga\/brouillon-auto\/#breadcrumb"},"inLanguage":"fr-FR","potentialAction":[{"@type":"ReadAction","target":["http:\/\/kristaboggs.fr\/yoga\/brouillon-auto\/"]}]},{"@type":"BreadcrumbList","@id":"http:\/\/kristaboggs.fr\/yoga\/brouillon-auto\/#breadcrumb","itemListElement":[{"@type":"ListItem","position":1,"name":"Accueil","item":"http:\/\/kristaboggs.fr\/yoga\/"},{"@type":"ListItem","position":2,"name":"Atelier Mouvement autour du F\u00e9minin Sacr\u00e9"}]},{"@type":"WebSite","@id":"http:\/\/kristaboggs.fr\/yoga\/#website","url":"http:\/\/kristaboggs.fr\/yoga\/","name":"Lotus Kundalini Yoga","description":"Le Yoga en plein Lot","publisher":{"@id":"http:\/\/kristaboggs.fr\/yoga\/#organization"},"potentialAction":[{"@type":"SearchAction","target":{"@type":"EntryPoint","urlTemplate":"http:\/\/kristaboggs.fr\/yoga\/?s={search_term_string}"},"query-input":"required name=search_term_string"}],"inLanguage":"fr-FR"},{"@type":"Organization","@id":"http:\/\/kristaboggs.fr\/yoga\/#organization","name":"Lotus Kundalini Yoga","url":"http:\/\/kristaboggs.fr\/yoga\/","logo":{"@type":"ImageObject","inLanguage":"fr-FR","@id":"http:\/\/kristaboggs.fr\/yoga\/#\/schema\/logo\/image\/","url":"http:\/\/kristaboggs.fr\/yoga\/wp-content\/uploads\/2018\/07\/\u00a9KristaBoggs8335YogaWebsite-1024x787.jpg","contentUrl":"http:\/\/kristaboggs.fr\/yoga\/wp-content\/uploads\/2018\/07\/\u00a9KristaBoggs8335YogaWebsite-1024x787.jpg","width":1024,"height":787,"caption":"Lotus Kundalini Yoga"},"image":{"@id":"http:\/\/kristaboggs.fr\/yoga\/#\/schema\/logo\/image\/"},"sameAs":["https:\/\/www.facebook.com\/preetshakti\/"]}]}},"_links":{"self":[{"href":"http:\/\/kristaboggs.fr\/yoga\/wp-json\/wp\/v2\/pages\/1807"}],"collection":[{"href":"http:\/\/kristaboggs.fr\/yoga\/wp-json\/wp\/v2\/pages"}],"about":[{"href":"http:\/\/kristaboggs.fr\/yoga\/wp-json\/wp\/v2\/types\/page"}],"author":[{"embeddable":true,"href":"http:\/\/kristaboggs.fr\/yoga\/wp-json\/wp\/v2\/users\/1"}],"replies":[{"embeddable":true,"href":"http:\/\/kristaboggs.fr\/yoga\/wp-json\/wp\/v2\/comments?post=1807"}],"version-history":[{"count":23,"href":"http:\/\/kristaboggs.fr\/yoga\/wp-json\/wp\/v2\/pages\/1807\/revisions"}],"predecessor-version":[{"id":2196,"href":"http:\/\/kristaboggs.fr\/yoga\/wp-json\/wp\/v2\/pages\/1807\/revisions\/2196"}],"wp:featuredmedia":[{"embeddable":true,"href":"http:\/\/kristaboggs.fr\/yoga\/wp-json\/wp\/v2\/media\/1817"}],"wp:attachment":[{"href":"http:\/\/kristaboggs.fr\/yoga\/wp-json\/wp\/v2\/media?parent=1807"}],"curies":[{"name":"wp","href":"https:\/\/api.w.org\/{rel}","templated":true}]}}